{"id":20750,"date":"2020-02-11T21:51:24","date_gmt":"2020-02-11T21:51:24","guid":{"rendered":"http:\/\/gagauziadialogue.md\/ro\/about-the-project\/"},"modified":"2025-07-15T14:56:02","modified_gmt":"2025-07-15T11:56:02","slug":"about-the-project","status":"publish","type":"page","link":"https:\/\/gagauziadialogue.md\/ro\/about-the-project\/","title":{"rendered":"Despre proiect"},"content":{"rendered":"\n<h2 class=\"wp-block-heading about__title\">\u201cSus\u021binerea dialogului institu\u021bionalizat \u0219i sustenabil privind UTA G\u0103g\u0103uzia\u201d<\/h2>\n\n\n\n<p>\u201cSus\u021binerea dialogului institu\u021bionalizat \u0219i sustenabil privind UTA G\u0103g\u0103uzia\u201d sau &#8220;Dialog privind G\u0103g\u0103uzia&#8221; este un proiect care are scopul de a contribui la stabilirea unui dialog constructiv \u0219i sustenabil \u00eentre Chi\u0219in\u0103u \u0219i Comrat, prin consolidarea institu\u021biilor \u0219i a capacit\u0103\u021bilor \u00een cadrul Grupului de lucru parlamentar privind G\u0103g\u0103uzia. Pentru a sprijini acest proces, proiectul\u00a0adun\u0103 legiuitori, exper\u021bi \u0219i p\u0103r\u021bi interesate din Chi\u0219in\u0103u, Comrat \u0219i din restul \u021b\u0103rii pentru a g\u0103si solu\u021bii comune pentru subiecte comune legate de UTA G\u0103g\u0103uzia.\u00a0Proiectul este implementat de CMI \u2013 Funda\u021bia pentru pace Martti Ahtisaari cu sus\u021binerea Suediei.<\/p>\n\n\n\n<p>Proiectul \u201eDialog privind G\u0103g\u0103uzia\u201d ac\u021bioneaz\u0103 \u00een vederea cre\u0103rii unui mediu politic pozitiv, pentru dialog, \u00eentre Chi\u0219in\u0103u \u0219i Comrat \u0219i sporirii capacit\u0103\u021bilor tuturor p\u0103r\u021bilor interesate de a aborda dispute institu\u021bionale \u00eentre centru \u0219i autonomie \u0219i neconcordan\u021be legislative. <\/p>\n\n\n\n<p>\u00cen 2019, proiectul a extins obiectivele privind procesul de dialog, prin implicarea societ\u0103\u021bii civile \u0219i mediul academic, pentru a asigura participarea p\u0103r\u021bilor interesate la elaborarea agendei, la con\u021binutul \u0219i obiectivele dialogului parlamentar \u0219i la activit\u0103\u021bile de elaborare a politicilor publice.<\/p>\n\n\n\n<p><\/p>\n","protected":false},"excerpt":{"rendered":"<p>\t\t\t\t<![CDATA[]]>\t\t<\/p>\n","protected":false},"author":1,"featured_media":0,"parent":0,"menu_order":0,"comment_status":"closed","ping_status":"closed","template":"template-about.php","meta":{"footnotes":""},"class_list":["post-20750","page","type-page","status-publish","hentry"],"yoast_head":"<!-- This site is optimized with the Yoast SEO plugin v26.8 - https:\/\/yoast.com\/product\/yoast-seo-wordpress\/ -->\n<title>Despre proiect - GagauziaDialogue<\/title>\n<meta name=\"robots\" content=\"index, follow, max-snippet:-1, max-image-preview:large, max-video-preview:-1\" \/>\n<link rel=\"canonical\" href=\"https:\/\/gagauziadialogue.md\/ro\/about-the-project\/\" \/>\n<meta property=\"og:locale\" content=\"ro_RO\" \/>\n<meta property=\"og:type\" content=\"article\" \/>\n<meta property=\"og:title\" content=\"Despre proiect - GagauziaDialogue\" \/>\n<meta property=\"og:url\" content=\"https:\/\/gagauziadialogue.md\/ro\/about-the-project\/\" \/>\n<meta property=\"og:site_name\" content=\"GagauziaDialogue\" \/>\n<meta property=\"article:modified_time\" content=\"2025-07-15T11:56:02+00:00\" \/>\n<meta property=\"og:image\" content=\"https:\/\/gagauziadialogue.md\/wp-content\/uploads\/2020\/06\/gagauzia.png\" \/>\n\t<meta property=\"og:image:width\" content=\"300\" \/>\n\t<meta property=\"og:image:height\" content=\"240\" \/>\n\t<meta property=\"og:image:type\" content=\"image\/png\" \/>\n<meta name=\"twitter:card\" content=\"summary_large_image\" \/>\n<meta name=\"twitter:label1\" content=\"Timp estimat pentru citire\" \/>\n\t<meta name=\"twitter:data1\" content=\"1 minut\" \/>\n<script type=\"application\/ld+json\" class=\"yoast-schema-graph\">{\"@context\":\"https:\/\/schema.org\",\"@graph\":[{\"@type\":\"WebPage\",\"@id\":\"https:\/\/gagauziadialogue.md\/ro\/about-the-project\/\",\"url\":\"https:\/\/gagauziadialogue.md\/ro\/about-the-project\/\",\"name\":\"Despre proiect - GagauziaDialogue\",\"isPartOf\":{\"@id\":\"https:\/\/gagauziadialogue.md\/#website\"},\"datePublished\":\"2020-02-11T21:51:24+00:00\",\"dateModified\":\"2025-07-15T11:56:02+00:00\",\"breadcrumb\":{\"@id\":\"https:\/\/gagauziadialogue.md\/ro\/about-the-project\/#breadcrumb\"},\"inLanguage\":\"ro-RO\",\"potentialAction\":[{\"@type\":\"ReadAction\",\"target\":[\"https:\/\/gagauziadialogue.md\/ro\/about-the-project\/\"]}]},{\"@type\":\"BreadcrumbList\",\"@id\":\"https:\/\/gagauziadialogue.md\/ro\/about-the-project\/#breadcrumb\",\"itemListElement\":[{\"@type\":\"ListItem\",\"position\":1,\"name\":\"Home\",\"item\":\"https:\/\/gagauziadialogue.md\/ro\/\"},{\"@type\":\"ListItem\",\"position\":2,\"name\":\"Despre proiect\"}]},{\"@type\":\"WebSite\",\"@id\":\"https:\/\/gagauziadialogue.md\/#website\",\"url\":\"https:\/\/gagauziadialogue.md\/\",\"name\":\"GagauziaDialogue\",\"description\":\"\",\"publisher\":{\"@id\":\"https:\/\/gagauziadialogue.md\/#organization\"},\"potentialAction\":[{\"@type\":\"SearchAction\",\"target\":{\"@type\":\"EntryPoint\",\"urlTemplate\":\"https:\/\/gagauziadialogue.md\/?s={search_term_string}\"},\"query-input\":{\"@type\":\"PropertyValueSpecification\",\"valueRequired\":true,\"valueName\":\"search_term_string\"}}],\"inLanguage\":\"ro-RO\"},{\"@type\":\"Organization\",\"@id\":\"https:\/\/gagauziadialogue.md\/#organization\",\"name\":\"GagauziaDialogue\",\"url\":\"https:\/\/gagauziadialogue.md\/\",\"logo\":{\"@type\":\"ImageObject\",\"inLanguage\":\"ro-RO\",\"@id\":\"https:\/\/gagauziadialogue.md\/#\/schema\/logo\/image\/\",\"url\":\"https:\/\/gagauziadialogue.md\/wp-content\/uploads\/2023\/06\/cropped-cropped-bulinuta-2-removebg-preview.png\",\"contentUrl\":\"https:\/\/gagauziadialogue.md\/wp-content\/uploads\/2023\/06\/cropped-cropped-bulinuta-2-removebg-preview.png\",\"width\":512,\"height\":512,\"caption\":\"GagauziaDialogue\"},\"image\":{\"@id\":\"https:\/\/gagauziadialogue.md\/#\/schema\/logo\/image\/\"}}]}<\/script>\n<!-- \/ Yoast SEO plugin. -->","yoast_head_json":{"title":"Despre proiect - GagauziaDialogue","robots":{"index":"index","follow":"follow","max-snippet":"max-snippet:-1","max-image-preview":"max-image-preview:large","max-video-preview":"max-video-preview:-1"},"canonical":"https:\/\/gagauziadialogue.md\/ro\/about-the-project\/","og_locale":"ro_RO","og_type":"article","og_title":"Despre proiect - GagauziaDialogue","og_url":"https:\/\/gagauziadialogue.md\/ro\/about-the-project\/","og_site_name":"GagauziaDialogue","article_modified_time":"2025-07-15T11:56:02+00:00","og_image":[{"width":300,"height":240,"url":"https:\/\/gagauziadialogue.md\/wp-content\/uploads\/2020\/06\/gagauzia.png","type":"image\/png"}],"twitter_card":"summary_large_image","twitter_misc":{"Timp estimat pentru citire":"1 minut"},"schema":{"@context":"https:\/\/schema.org","@graph":[{"@type":"WebPage","@id":"https:\/\/gagauziadialogue.md\/ro\/about-the-project\/","url":"https:\/\/gagauziadialogue.md\/ro\/about-the-project\/","name":"Despre proiect - GagauziaDialogue","isPartOf":{"@id":"https:\/\/gagauziadialogue.md\/#website"},"datePublished":"2020-02-11T21:51:24+00:00","dateModified":"2025-07-15T11:56:02+00:00","breadcrumb":{"@id":"https:\/\/gagauziadialogue.md\/ro\/about-the-project\/#breadcrumb"},"inLanguage":"ro-RO","potentialAction":[{"@type":"ReadAction","target":["https:\/\/gagauziadialogue.md\/ro\/about-the-project\/"]}]},{"@type":"BreadcrumbList","@id":"https:\/\/gagauziadialogue.md\/ro\/about-the-project\/#breadcrumb","itemListElement":[{"@type":"ListItem","position":1,"name":"Home","item":"https:\/\/gagauziadialogue.md\/ro\/"},{"@type":"ListItem","position":2,"name":"Despre proiect"}]},{"@type":"WebSite","@id":"https:\/\/gagauziadialogue.md\/#website","url":"https:\/\/gagauziadialogue.md\/","name":"GagauziaDialogue","description":"","publisher":{"@id":"https:\/\/gagauziadialogue.md\/#organization"},"potentialAction":[{"@type":"SearchAction","target":{"@type":"EntryPoint","urlTemplate":"https:\/\/gagauziadialogue.md\/?s={search_term_string}"},"query-input":{"@type":"PropertyValueSpecification","valueRequired":true,"valueName":"search_term_string"}}],"inLanguage":"ro-RO"},{"@type":"Organization","@id":"https:\/\/gagauziadialogue.md\/#organization","name":"GagauziaDialogue","url":"https:\/\/gagauziadialogue.md\/","logo":{"@type":"ImageObject","inLanguage":"ro-RO","@id":"https:\/\/gagauziadialogue.md\/#\/schema\/logo\/image\/","url":"https:\/\/gagauziadialogue.md\/wp-content\/uploads\/2023\/06\/cropped-cropped-bulinuta-2-removebg-preview.png","contentUrl":"https:\/\/gagauziadialogue.md\/wp-content\/uploads\/2023\/06\/cropped-cropped-bulinuta-2-removebg-preview.png","width":512,"height":512,"caption":"GagauziaDialogue"},"image":{"@id":"https:\/\/gagauziadialogue.md\/#\/schema\/logo\/image\/"}}]}},"_links":{"self":[{"href":"https:\/\/gagauziadialogue.md\/ro\/wp-json\/wp\/v2\/pages\/20750","targetHints":{"allow":["GET"]}}],"collection":[{"href":"https:\/\/gagauziadialogue.md\/ro\/wp-json\/wp\/v2\/pages"}],"about":[{"href":"https:\/\/gagauziadialogue.md\/ro\/wp-json\/wp\/v2\/types\/page"}],"author":[{"embeddable":true,"href":"https:\/\/gagauziadialogue.md\/ro\/wp-json\/wp\/v2\/users\/1"}],"replies":[{"embeddable":true,"href":"https:\/\/gagauziadialogue.md\/ro\/wp-json\/wp\/v2\/comments?post=20750"}],"version-history":[{"count":16,"href":"https:\/\/gagauziadialogue.md\/ro\/wp-json\/wp\/v2\/pages\/20750\/revisions"}],"predecessor-version":[{"id":34429,"href":"https:\/\/gagauziadialogue.md\/ro\/wp-json\/wp\/v2\/pages\/20750\/revisions\/34429"}],"wp:attachment":[{"href":"https:\/\/gagauziadialogue.md\/ro\/wp-json\/wp\/v2\/media?parent=20750"}],"curies":[{"name":"wp","href":"https:\/\/api.w.org\/{rel}","templated":true}]}}