{"id":20757,"date":"2020-04-04T09:29:52","date_gmt":"2020-04-04T09:29:52","guid":{"rendered":"http:\/\/gagauziadialogue.md\/ro\/?page_id=20757"},"modified":"2024-03-21T22:51:40","modified_gmt":"2024-03-21T22:51:40","slug":"who-we-are-ro","status":"publish","type":"page","link":"https:\/\/gagauziadialogue.md\/ro\/who-we-are-ro\/","title":{"rendered":"Cine suntem"},"content":{"rendered":"\n<h2 class=\"wp-block-heading who-we__title\">\u201dSus\u021binerea dialogului institu\u021bionalizat \u0219i sustenabil privind Autonomia G\u0103g\u0103uzia\u201d este un proiect implementat de CMI &#8211; Funda\u021bia pentru pace Martti Ahtisaari \u0219i finan\u021bat de Suedia. <\/h2>\n\n\n\n<div class=\"wp-block-columns is-layout-flex wp-container-core-columns-is-layout-1 wp-block-columns-is-layout-flex\">\n<div class=\"wp-block-column is-layout-flow wp-block-column-is-layout-flow\"><div class=\"who-we__item\"><div class=\"who-we__item-text\"><div class=\"who-we__item-img\"><img decoding=\"async\" src=\"https:\/\/gagauziadialogue.md\/wp-content\/uploads\/2021\/05\/Screen-Shot-2021-05-12-at-15.59.27-e1620824430751.png\" alt=\"who-we\"><\/div><div class=\"who-we__item-title\">CMI  \u2013 Funda\u021bia pentru pace Martti Ahtisaari<\/div><div>CMI  \u2013 Funda\u021bia pentru pace Martti Ahtisaari este o organiza\u021bie finlandez\u0103, care activeaz\u0103 \u00een domeniul prevenirii \u0219i solu\u021bion\u0103rii conflictelor prin dialog \u0219i mediere. Laureatul Premiului Nobel pentru pace \u0219i ex- pre\u0219edintele Finlandei, Martti Ahtisaari, a \u00eenfiin\u021bat CMI \u00een 2000. De atunci, organiza\u021bia s-a dezvoltat \u0219i a devenit unul din lideri \u00een domeniul men\u021binerii p\u0103cii interna\u021bionale.<\/div><\/div><div class=\"who-we__item-social\"><a href=\"https:\/\/twitter.com\/cmioffice\" class=\"who-we__social-link who-we__social-link--tw\"><\/a><a href=\"https:\/\/www.facebook.com\/CrisisManagementInitiative\" class=\"who-we__social-link who-we__social-link--fb\"><\/a><a href=\"https:\/\/www.linkedin.com\/company\/crisis-management-initiative\/\" class=\"who-we__social-link who-we__social-link--in\"><\/a><a href=\"http:\/\/cmi.fi\/\" class=\"who-we__social-link who-we__social-link--site\"><\/a><\/div><\/div>\n\n<div class=\"who-we__item\"><div class=\"who-we__item-text\"><div class=\"who-we__item-img\"><img decoding=\"async\" src=\"https:\/\/gagauziadialogue.md\/wp-content\/uploads\/2020\/04\/who-we-2.png\" alt=\"who-we\"><\/div><div class=\"who-we__item-title\">EURAC Research<\/div><div>Din 1992, Institutul pentru federalism comparativ \u0219i Institutul pentru drepturile minorit\u0103\u021bilor de la Eurac Research din Bolzano\/Bozen, Tirolul de Sud, Italia efectueaz\u0103 cercet\u0103ri de baz\u0103 \u0219i aplicate cu privire la problemele federale, regionale \u0219i locale \u00een domeniul drepturilor minorit\u0103\u021bilor \u0219i a autonomiilor teritoriale. Echipa compus\u0103 din avoca\u021bi constitu\u021bionali comparativi \u0219i speciali\u0219ti \u00een \u0219tiin\u021be politice examineaz\u0103 cum constitu\u021bionalismul \u0219i dreptul transna\u021bional afecteaz\u0103 guvernarea pluralismului teritorial \u0219i societal.<\/div><\/div><div class=\"who-we__item-social\"><a href=\"https:\/\/twitter.com\/eurac\" class=\"who-we__social-link who-we__social-link--tw\"><\/a><a href=\"https:\/\/www.facebook.com\/eurac.research\/\" class=\"who-we__social-link who-we__social-link--fb\"><\/a><a href=\"https:\/\/www.linkedin.com\/company\/euracresearch\/?originalSubdomain=it\" class=\"who-we__social-link who-we__social-link--in\"><\/a><a href=\"http:\/\/www.eurac.edu\/en\/pages\/default.aspx\" class=\"who-we__social-link who-we__social-link--site\"><\/a><\/div><\/div><\/div>\n\n\n\n<div class=\"wp-block-column is-layout-flow wp-block-column-is-layout-flow\"><div class=\"who-we__item\"><div class=\"who-we__item-text\"><div class=\"who-we__item-img\"><img decoding=\"async\" src=\"https:\/\/gagauziadialogue.md\/wp-content\/uploads\/2020\/04\/useful-link-3-e1588245407669.png\" alt=\"who-we\"><\/div><div class=\"who-we__item-title\">Suedia<\/div><div>Suedia are un angajament pe termen lung privind oferirea sus\u021binerii continue pentru \u021b\u0103rile din Parteneriatul Estic prin intermediul Strategiei de rezultate pentru 2021-2027. Domeniile cheie de prioritate includ democra\u021bia consolidat\u0103, respect mai mare fa\u021b\u0103 de drepturile omului, un stat mai dezvoltat care respect\u0103 suprema\u021bia legii \u0219i incluziunea perspectivei de gen.<\/div><\/div><div class=\"who-we__item-social\"><a href=\"https:\/\/www.facebook.com\/EmbassyOfSwedenInChisinau\/\" class=\"who-we__social-link who-we__social-link--fb\"><\/a><a href=\"https:\/\/www.swedenabroad.se\/ro\/embassies\/moldova-chisinau\/\" class=\"who-we__social-link who-we__social-link--site\"><\/a><\/div><\/div>\n\n<div class=\"who-we__item\"><div class=\"who-we__item-text\"><div class=\"who-we__item-img\"><img decoding=\"async\" src=\"https:\/\/gagauziadialogue.md\/wp-content\/uploads\/2020\/04\/who-we-3.png\" alt=\"who-we\"><\/div><div class=\"who-we__item-title\">Centrul CONTACT<\/div><div>Centrul Contact este o organiza\u021bie non-guvernamental\u0103, independent\u0103, non-profit. Din 1995, Centrul serve\u0219te ca platform\u0103 de comunicare, dezbatere, resurse, analiz\u0103, cuno\u0219tin\u021be \u0219i abilit\u0103\u021bi pentru liderii societ\u0103\u021bii civile din Republica Moldova. Centrul CONTACT particip\u0103 activ la dezvoltarea unei societ\u0103\u021bi democratice din Republica Moldova, prin consolidarea poten\u021bialului societ\u0103\u021bii civile, \u00eencurajarea ini\u021biativei civice \u0219i promovarea principiilor bunei guvern\u0103ri.<\/div><\/div><div class=\"who-we__item-social\"><a href=\"https:\/\/www.facebook.com\/Contact.md\/\" class=\"who-we__social-link who-we__social-link--fb\"><\/a><a href=\"https:\/\/www.contact.md\/index.php\/ro\/\" class=\"who-we__social-link who-we__social-link--site\"><\/a><\/div><\/div><\/div>\n<\/div>\n\n\n\n<p><\/p>\n","protected":false},"excerpt":{"rendered":"<p>\u201dSus\u021binerea dialogului institu\u021bionalizat \u0219i sustenabil privind Autonomia G\u0103g\u0103uzia\u201d este un proiect implementat de CMI &#8211; Funda\u021bia pentru pace Martti Ahtisaari \u0219i finan\u021bat de Suedia.<\/p>\n","protected":false},"author":1,"featured_media":0,"parent":0,"menu_order":0,"comment_status":"closed","ping_status":"closed","template":"template-left.php","meta":{"footnotes":""},"class_list":["post-20757","page","type-page","status-publish","hentry"],"yoast_head":"<!-- This site is optimized with the Yoast SEO plugin v26.8 - https:\/\/yoast.com\/product\/yoast-seo-wordpress\/ -->\n<title>Cine suntem - GagauziaDialogue<\/title>\n<meta name=\"robots\" content=\"index, follow, max-snippet:-1, max-image-preview:large, max-video-preview:-1\" \/>\n<link rel=\"canonical\" href=\"https:\/\/gagauziadialogue.md\/ro\/who-we-are-ro\/\" \/>\n<meta property=\"og:locale\" content=\"ro_RO\" \/>\n<meta property=\"og:type\" content=\"article\" \/>\n<meta property=\"og:title\" content=\"Cine suntem - GagauziaDialogue\" \/>\n<meta property=\"og:description\" content=\"\u201dSus\u021binerea dialogului institu\u021bionalizat \u0219i sustenabil privind Autonomia G\u0103g\u0103uzia\u201d este un proiect implementat de CMI &#8211; Funda\u021bia pentru pace Martti Ahtisaari \u0219i finan\u021bat de Suedia.\" \/>\n<meta property=\"og:url\" content=\"https:\/\/gagauziadialogue.md\/ro\/who-we-are-ro\/\" \/>\n<meta property=\"og:site_name\" content=\"GagauziaDialogue\" \/>\n<meta property=\"article:modified_time\" content=\"2024-03-21T22:51:40+00:00\" \/>\n<meta property=\"og:image\" content=\"https:\/\/gagauziadialogue.md\/wp-content\/uploads\/2020\/06\/gagauzia.png\" \/>\n\t<meta property=\"og:image:width\" content=\"300\" \/>\n\t<meta property=\"og:image:height\" content=\"240\" \/>\n\t<meta property=\"og:image:type\" content=\"image\/png\" \/>\n<meta name=\"twitter:card\" content=\"summary_large_image\" \/>\n<meta name=\"twitter:label1\" content=\"Timp estimat pentru citire\" \/>\n\t<meta name=\"twitter:data1\" content=\"1 minut\" \/>\n<script type=\"application\/ld+json\" class=\"yoast-schema-graph\">{\"@context\":\"https:\/\/schema.org\",\"@graph\":[{\"@type\":\"WebPage\",\"@id\":\"https:\/\/gagauziadialogue.md\/ro\/who-we-are-ro\/\",\"url\":\"https:\/\/gagauziadialogue.md\/ro\/who-we-are-ro\/\",\"name\":\"Cine suntem - GagauziaDialogue\",\"isPartOf\":{\"@id\":\"https:\/\/gagauziadialogue.md\/#website\"},\"datePublished\":\"2020-04-04T09:29:52+00:00\",\"dateModified\":\"2024-03-21T22:51:40+00:00\",\"breadcrumb\":{\"@id\":\"https:\/\/gagauziadialogue.md\/ro\/who-we-are-ro\/#breadcrumb\"},\"inLanguage\":\"ro-RO\",\"potentialAction\":[{\"@type\":\"ReadAction\",\"target\":[\"https:\/\/gagauziadialogue.md\/ro\/who-we-are-ro\/\"]}]},{\"@type\":\"BreadcrumbList\",\"@id\":\"https:\/\/gagauziadialogue.md\/ro\/who-we-are-ro\/#breadcrumb\",\"itemListElement\":[{\"@type\":\"ListItem\",\"position\":1,\"name\":\"Home\",\"item\":\"https:\/\/gagauziadialogue.md\/ro\/\"},{\"@type\":\"ListItem\",\"position\":2,\"name\":\"Cine suntem\"}]},{\"@type\":\"WebSite\",\"@id\":\"https:\/\/gagauziadialogue.md\/#website\",\"url\":\"https:\/\/gagauziadialogue.md\/\",\"name\":\"GagauziaDialogue\",\"description\":\"\",\"publisher\":{\"@id\":\"https:\/\/gagauziadialogue.md\/#organization\"},\"potentialAction\":[{\"@type\":\"SearchAction\",\"target\":{\"@type\":\"EntryPoint\",\"urlTemplate\":\"https:\/\/gagauziadialogue.md\/?s={search_term_string}\"},\"query-input\":{\"@type\":\"PropertyValueSpecification\",\"valueRequired\":true,\"valueName\":\"search_term_string\"}}],\"inLanguage\":\"ro-RO\"},{\"@type\":\"Organization\",\"@id\":\"https:\/\/gagauziadialogue.md\/#organization\",\"name\":\"GagauziaDialogue\",\"url\":\"https:\/\/gagauziadialogue.md\/\",\"logo\":{\"@type\":\"ImageObject\",\"inLanguage\":\"ro-RO\",\"@id\":\"https:\/\/gagauziadialogue.md\/#\/schema\/logo\/image\/\",\"url\":\"https:\/\/gagauziadialogue.md\/wp-content\/uploads\/2023\/06\/cropped-cropped-bulinuta-2-removebg-preview.png\",\"contentUrl\":\"https:\/\/gagauziadialogue.md\/wp-content\/uploads\/2023\/06\/cropped-cropped-bulinuta-2-removebg-preview.png\",\"width\":512,\"height\":512,\"caption\":\"GagauziaDialogue\"},\"image\":{\"@id\":\"https:\/\/gagauziadialogue.md\/#\/schema\/logo\/image\/\"}}]}<\/script>\n<!-- \/ Yoast SEO plugin. -->","yoast_head_json":{"title":"Cine suntem - GagauziaDialogue","robots":{"index":"index","follow":"follow","max-snippet":"max-snippet:-1","max-image-preview":"max-image-preview:large","max-video-preview":"max-video-preview:-1"},"canonical":"https:\/\/gagauziadialogue.md\/ro\/who-we-are-ro\/","og_locale":"ro_RO","og_type":"article","og_title":"Cine suntem - GagauziaDialogue","og_description":"\u201dSus\u021binerea dialogului institu\u021bionalizat \u0219i sustenabil privind Autonomia G\u0103g\u0103uzia\u201d este un proiect implementat de CMI &#8211; Funda\u021bia pentru pace Martti Ahtisaari \u0219i finan\u021bat de Suedia.","og_url":"https:\/\/gagauziadialogue.md\/ro\/who-we-are-ro\/","og_site_name":"GagauziaDialogue","article_modified_time":"2024-03-21T22:51:40+00:00","og_image":[{"width":300,"height":240,"url":"https:\/\/gagauziadialogue.md\/wp-content\/uploads\/2020\/06\/gagauzia.png","type":"image\/png"}],"twitter_card":"summary_large_image","twitter_misc":{"Timp estimat pentru citire":"1 minut"},"schema":{"@context":"https:\/\/schema.org","@graph":[{"@type":"WebPage","@id":"https:\/\/gagauziadialogue.md\/ro\/who-we-are-ro\/","url":"https:\/\/gagauziadialogue.md\/ro\/who-we-are-ro\/","name":"Cine suntem - GagauziaDialogue","isPartOf":{"@id":"https:\/\/gagauziadialogue.md\/#website"},"datePublished":"2020-04-04T09:29:52+00:00","dateModified":"2024-03-21T22:51:40+00:00","breadcrumb":{"@id":"https:\/\/gagauziadialogue.md\/ro\/who-we-are-ro\/#breadcrumb"},"inLanguage":"ro-RO","potentialAction":[{"@type":"ReadAction","target":["https:\/\/gagauziadialogue.md\/ro\/who-we-are-ro\/"]}]},{"@type":"BreadcrumbList","@id":"https:\/\/gagauziadialogue.md\/ro\/who-we-are-ro\/#breadcrumb","itemListElement":[{"@type":"ListItem","position":1,"name":"Home","item":"https:\/\/gagauziadialogue.md\/ro\/"},{"@type":"ListItem","position":2,"name":"Cine suntem"}]},{"@type":"WebSite","@id":"https:\/\/gagauziadialogue.md\/#website","url":"https:\/\/gagauziadialogue.md\/","name":"GagauziaDialogue","description":"","publisher":{"@id":"https:\/\/gagauziadialogue.md\/#organization"},"potentialAction":[{"@type":"SearchAction","target":{"@type":"EntryPoint","urlTemplate":"https:\/\/gagauziadialogue.md\/?s={search_term_string}"},"query-input":{"@type":"PropertyValueSpecification","valueRequired":true,"valueName":"search_term_string"}}],"inLanguage":"ro-RO"},{"@type":"Organization","@id":"https:\/\/gagauziadialogue.md\/#organization","name":"GagauziaDialogue","url":"https:\/\/gagauziadialogue.md\/","logo":{"@type":"ImageObject","inLanguage":"ro-RO","@id":"https:\/\/gagauziadialogue.md\/#\/schema\/logo\/image\/","url":"https:\/\/gagauziadialogue.md\/wp-content\/uploads\/2023\/06\/cropped-cropped-bulinuta-2-removebg-preview.png","contentUrl":"https:\/\/gagauziadialogue.md\/wp-content\/uploads\/2023\/06\/cropped-cropped-bulinuta-2-removebg-preview.png","width":512,"height":512,"caption":"GagauziaDialogue"},"image":{"@id":"https:\/\/gagauziadialogue.md\/#\/schema\/logo\/image\/"}}]}},"_links":{"self":[{"href":"https:\/\/gagauziadialogue.md\/ro\/wp-json\/wp\/v2\/pages\/20757","targetHints":{"allow":["GET"]}}],"collection":[{"href":"https:\/\/gagauziadialogue.md\/ro\/wp-json\/wp\/v2\/pages"}],"about":[{"href":"https:\/\/gagauziadialogue.md\/ro\/wp-json\/wp\/v2\/types\/page"}],"author":[{"embeddable":true,"href":"https:\/\/gagauziadialogue.md\/ro\/wp-json\/wp\/v2\/users\/1"}],"replies":[{"embeddable":true,"href":"https:\/\/gagauziadialogue.md\/ro\/wp-json\/wp\/v2\/comments?post=20757"}],"version-history":[{"count":53,"href":"https:\/\/gagauziadialogue.md\/ro\/wp-json\/wp\/v2\/pages\/20757\/revisions"}],"predecessor-version":[{"id":30865,"href":"https:\/\/gagauziadialogue.md\/ro\/wp-json\/wp\/v2\/pages\/20757\/revisions\/30865"}],"wp:attachment":[{"href":"https:\/\/gagauziadialogue.md\/ro\/wp-json\/wp\/v2\/media?parent=20757"}],"curies":[{"name":"wp","href":"https:\/\/api.w.org\/{rel}","templated":true}]}}